{"id":16,"date":"2019-03-29T18:26:49","date_gmt":"2019-03-29T16:26:49","guid":{"rendered":"https:\/\/kuvaussaarenpaa.wordpress.com\/?page_id=3"},"modified":"2022-02-09T18:17:01","modified_gmt":"2022-02-09T18:17:01","slug":"blog","status":"publish","type":"page","link":"https:\/\/www.kuvaussaarenpaa.fi\/?page_id=16","title":{"rendered":"Ilmakuvaus"},"content":{"rendered":"\n<p style=\"font-size:17px\"><strong>Dronekuvausta voi k\u00e4ytt\u00e4\u00e4 hyvin erilaisiin tarkoituksiin. <\/strong><br><strong>T\u00e4ss\u00e4 mainittuna joitakin niist\u00e4:<\/strong><\/p>\n\n\n\n<p><strong>Ilmakuvat ja -videot asunto- ja kiinteist\u00f6markkinoinnissa<\/strong><br>&#8211; Omakotitaloista, pari- ja rivitaloista sek\u00e4 kerrostaloista saa eritt\u00e4in houkuttelevia ilmakuvia- ja videoita myynnin edist\u00e4miseen. Sopivat my\u00f6s eritt\u00e4in hyvin kes\u00e4m\u00f6kkien, huviloiden sek\u00e4 mets\u00e4palstojen ja tonttien markkinointiin<\/p>\n\n\n\n<p><strong>Rakennusty\u00f6maat<\/strong><br>&#8211; ilmakuvat ja -videot sopivat esim. rakennusty\u00f6maiden dokumentointiin, raportointiin, tarkastuksiin ja markkinointiin. Rakennusvaiheen kuvat ja videot her\u00e4tt\u00e4v\u00e4t ostajien kiinnostuksen<br>&#8211; dronella p\u00e4\u00e4see hankaliin paikkoihin kuvaamaan, minne ei ole helppo muuten p\u00e4\u00e4st\u00e4<\/p>\n\n\n\n<p><strong>Maa- ja mets\u00e4taloudessa<\/strong><br>&#8211; peltojen ja metsien maaper\u00e4n ja kasvun tiedonkeruussa<br>&#8211; myrskytuhojen kartoituksessa<br>&#8211; ilmakuvat tonttien ja pihojen sunnittelujen tukena<\/p>\n\n\n\n<p><strong>Yrityksen markkinoinnissa<\/strong> <strong>tai vaikka<\/strong> <strong>omasta talosta ilmakuva tauluksi<\/strong>.<\/p>\n\n\n\n<p><strong>Voit ehdottaa tai pyyt\u00e4\u00e4 tarjousta jostain muustakin dronekuvausty\u00f6st\u00e4.<\/strong><br>Email: kuvaussaarenpaa@gmail.com<\/p>\n\n\n\n<p>P\u00e4\u00e4toiminta-alueeni on H\u00e4meenkyr\u00f6 ja l\u00e4hikunnat<\/p>\n\n\n\n<p><strong>Turvallisuus<\/strong><br>Kaiken lentotoimintani l\u00e4ht\u00f6kohta on turvallisuus.<br>T\u00e4ss\u00e4 muutama asia mit\u00e4 pit\u00e4\u00e4 ottaa huomioon:<br>&#8211; maksimi lentokorkeus 120 metri\u00e4<br>&#8211; useissa taajamissa lentokorkeus on rajoitettu 50 metriin<br>&#8211; droneen on oltava n\u00e4k\u00f6yhteys koko lennon ajan<br>&#8211; dronekuvauksissa <strong>s\u00e4\u00e4<\/strong> on hyvin oleellinen asia. N\u00e4iss\u00e4 olosuhteissa en lenn\u00e4 turvallisuuden vuoksi: sateella, kovassa tuulessa tai puuskaisessa tuulessa ja kovassa pakkasessa. Pime\u00e4ll\u00e4 voi lent\u00e4\u00e4, mutta rajoitetusti.<br>&#8211; ihmisjoukkojen p\u00e4\u00e4ll\u00e4 en my\u00f6sk\u00e4\u00e4n lenn\u00e4<br>Pid\u00e4t\u00e4n oikeuden olla suorittamatta lentoa, mik\u00e4li sit\u00e4 ei voida suorittaa turvallisesti<\/p>\n\n\n\n<p>Lentoaika kahdella akulla on yhteens\u00e4 noin 40 min, (akun vaihto v\u00e4liss\u00e4) riippuen s\u00e4\u00e4olosuhteista<\/p>\n\n\n\n<p>Toiminnalle on Ifin vastuuvakuutus<br>Trafin dronetoimijarekisteriss\u00e4<br>Avoimen kategorian A1\/A3 sek\u00e4 A2 p\u00e4tevyys<br>H\u00e4meenkyr\u00f6n Yritt\u00e4jien j\u00e4sen<\/p>\n","protected":false},"excerpt":{"rendered":"<p>Dronekuvausta voi k\u00e4ytt\u00e4\u00e4 hyvin erilaisiin tarkoituksiin. T\u00e4ss\u00e4 mainittuna joitakin niist\u00e4: Ilmakuvat ja -videot asunto- ja kiinteist\u00f6markkinoinnissa&#8211; Omakotitaloista, pari- ja rivitaloista sek\u00e4 kerrostaloista saa eritt\u00e4in houkuttelevia ilmakuvia- ja videoita myynnin edist\u00e4miseen. Sopivat my\u00f6s eritt\u00e4in hyvin kes\u00e4m\u00f6kkien, huviloiden sek\u00e4 mets\u00e4palstojen ja tonttien markkinointiin Rakennusty\u00f6maat&#8211; ilmakuvat ja -videot sopivat esim. rakennusty\u00f6maiden dokumentointiin, raportointiin, tarkastuksiin ja markkinointiin. Rakennusvaiheen kuvat &hellip; <\/p>\n<p class=\"link-more\"><a href=\"https:\/\/www.kuvaussaarenpaa.fi\/?page_id=16\" class=\"more-link\">Jatka lukemista<span class=\"screen-reader-text\"> &#8221;Ilmakuvaus&#8221;<\/span><\/a><\/p>\n","protected":false},"author":1,"featured_media":173,"parent":0,"menu_order":2,"comment_status":"closed","ping_status":"closed","template":"","meta":{"footnotes":""},"class_list":["post-16","page","type-page","status-publish","has-post-thumbnail","hentry"],"_links":{"self":[{"href":"https:\/\/www.kuvaussaarenpaa.fi\/index.php?rest_route=\/wp\/v2\/pages\/16","targetHints":{"allow":["GET"]}}],"collection":[{"href":"https:\/\/www.kuvaussaarenpaa.fi\/index.php?rest_route=\/wp\/v2\/pages"}],"about":[{"href":"https:\/\/www.kuvaussaarenpaa.fi\/index.php?rest_route=\/wp\/v2\/types\/page"}],"author":[{"embeddable":true,"href":"https:\/\/www.kuvaussaarenpaa.fi\/index.php?rest_route=\/wp\/v2\/users\/1"}],"replies":[{"embeddable":true,"href":"https:\/\/www.kuvaussaarenpaa.fi\/index.php?rest_route=%2Fwp%2Fv2%2Fcomments&post=16"}],"version-history":[{"count":4,"href":"https:\/\/www.kuvaussaarenpaa.fi\/index.php?rest_route=\/wp\/v2\/pages\/16\/revisions"}],"predecessor-version":[{"id":378,"href":"https:\/\/www.kuvaussaarenpaa.fi\/index.php?rest_route=\/wp\/v2\/pages\/16\/revisions\/378"}],"wp:featuredmedia":[{"embeddable":true,"href":"https:\/\/www.kuvaussaarenpaa.fi\/index.php?rest_route=\/wp\/v2\/media\/173"}],"wp:attachment":[{"href":"https:\/\/www.kuvaussaarenpaa.fi\/index.php?rest_route=%2Fwp%2Fv2%2Fmedia&parent=16"}],"curies":[{"name":"wp","href":"https:\/\/api.w.org\/{rel}","templated":true}]}}