{"id":309,"date":"2021-04-17T20:16:41","date_gmt":"2021-04-17T20:16:41","guid":{"rendered":"https:\/\/www.kuvaussaarenpaa.fi\/?page_id=309"},"modified":"2024-12-31T14:15:04","modified_gmt":"2024-12-31T14:15:04","slug":"palvelumme-ja-hinnasto","status":"publish","type":"page","link":"https:\/\/www.kuvaussaarenpaa.fi\/?page_id=309","title":{"rendered":"Hinnasto"},"content":{"rendered":"\n<p><strong>Omasta talosta ilmakuva vaikka tauluksi 70 euroa.<\/strong><br>Sis\u00e4lt\u00e4\u00e4 ilmakuvausty\u00f6n sek\u00e4 5 ilmakuvaa, vain yksityisille. Ei sis\u00e4ll\u00e4 kuvan painattamista printtikuvaksi, eik\u00e4 mahdollisia kehyksi\u00e4 ja postikuluja.<\/p>\n\n\n\n<p><strong>Ilmakuvausty\u00f6 ja editointity\u00f6 on 100 euroa \/ tunti tai<br>sopimuksen mukaan.<\/strong> <\/p>\n\n\n\n<p><strong>Valokuvausty\u00f6 j\u00e4rjestelm\u00e4kameralla on 60 euroa \/ tunti.<\/strong><\/p>\n\n\n\n<p>Kuvien mahdollinen s\u00e4vyjen s\u00e4\u00e4t\u00f6 sis\u00e4ltyy hintoihin.<\/p>\n\n\n\n<p><strong>Nettisivujen Galleria-kuvat ovat myynniss\u00e4.<\/strong><br>Kuvat on jaoteltu kolmeen eri hintaryhm\u00e4\u00e4n A, B ja C.<\/p>\n\n\n\n<p class=\"has-luminous-vivid-orange-color has-text-color\">Hintaryhm\u00e4 A<br>40 euroa \/ 1 kuva<\/p>\n\n\n\n<p class=\"has-luminous-vivid-orange-color has-text-color\">Hintaryhm\u00e4 B<br>30 euroa \/ 1 kuva<\/p>\n\n\n\n<p class=\"has-luminous-vivid-orange-color has-text-color\">Hintaryhm\u00e4 C<br>20 euroa \/ 1 kuva<\/p>\n\n\n\n<p>Kuvien hintaan lis\u00e4t\u00e4\u00e4n viel\u00e4 k\u00e4ytt\u00f6oikeusmaksu, riippuen siit\u00e4<br>meneek\u00f6 kuva pelkk\u00e4\u00e4n printtiin, nettiin\/someen vai kaikkiin.<br>Alla tarkempi seloste.<\/p>\n\n\n\n<p class=\"has-luminous-vivid-orange-color has-text-color\">T\u00e4ysi k\u00e4ytt\u00f6oikeus, kuvia ei saa myyd\u00e4 eteenp\u00e4in.<br>(netti, sosiaalinen media, youtube, kaikki printtituotteet) = 20 euroa \/ 1 kuva<\/p>\n\n\n\n<p class=\"has-luminous-vivid-orange-color has-text-color\">Netti k\u00e4ytt\u00f6oikeus, kuvia ei saa myyd\u00e4 eteenp\u00e4in.<br>(netti+sosiaalinen media, youtube) = 10 euroa \/ 1 kuva<\/p>\n\n\n\n<p class=\"has-luminous-vivid-orange-color has-text-color\">Printti k\u00e4ytt\u00f6oikeus, kuvia ei saa myyd\u00e4 eteenp\u00e4in.<br>(printtilehdet, esitteet, ym. printtijulkaisut) = 5 euroa \/ 1 kuva<\/p>\n\n\n\n<p>Esim. jos ostaa yhden kuvan C-hintaryhm\u00e4st\u00e4 t\u00e4ydell\u00e4 k\u00e4ytt\u00f6oikeudella,<br>niin hinta on silloin 20e + 20e = 40 euroa \/ kuva.<\/p>\n\n\n\n<p>Jos ostaa monta kuvaa kerralla, niin hinta sopimuksen mukaan.<\/p>\n\n\n\n<p>Hintoihin lis\u00e4t\u00e4\u00e4n alv 25,5 % (yritykset)<\/p>\n","protected":false},"excerpt":{"rendered":"<p>Omasta talosta ilmakuva vaikka tauluksi 70 euroa.Sis\u00e4lt\u00e4\u00e4 ilmakuvausty\u00f6n sek\u00e4 5 ilmakuvaa, vain yksityisille. Ei sis\u00e4ll\u00e4 kuvan painattamista printtikuvaksi, eik\u00e4 mahdollisia kehyksi\u00e4 ja postikuluja. Ilmakuvausty\u00f6 ja editointity\u00f6 on 100 euroa \/ tunti taisopimuksen mukaan. Valokuvausty\u00f6 j\u00e4rjestelm\u00e4kameralla on 60 euroa \/ tunti. Kuvien mahdollinen s\u00e4vyjen s\u00e4\u00e4t\u00f6 sis\u00e4ltyy hintoihin. Nettisivujen Galleria-kuvat ovat myynniss\u00e4.Kuvat on jaoteltu kolmeen eri hintaryhm\u00e4\u00e4n &hellip; <\/p>\n<p class=\"link-more\"><a href=\"https:\/\/www.kuvaussaarenpaa.fi\/?page_id=309\" class=\"more-link\">Jatka lukemista<span class=\"screen-reader-text\"> &#8221;Hinnasto&#8221;<\/span><\/a><\/p>\n","protected":false},"author":1,"featured_media":312,"parent":0,"menu_order":4,"comment_status":"closed","ping_status":"closed","template":"","meta":{"footnotes":""},"class_list":["post-309","page","type-page","status-publish","has-post-thumbnail","hentry"],"_links":{"self":[{"href":"https:\/\/www.kuvaussaarenpaa.fi\/index.php?rest_route=\/wp\/v2\/pages\/309","targetHints":{"allow":["GET"]}}],"collection":[{"href":"https:\/\/www.kuvaussaarenpaa.fi\/index.php?rest_route=\/wp\/v2\/pages"}],"about":[{"href":"https:\/\/www.kuvaussaarenpaa.fi\/index.php?rest_route=\/wp\/v2\/types\/page"}],"author":[{"embeddable":true,"href":"https:\/\/www.kuvaussaarenpaa.fi\/index.php?rest_route=\/wp\/v2\/users\/1"}],"replies":[{"embeddable":true,"href":"https:\/\/www.kuvaussaarenpaa.fi\/index.php?rest_route=%2Fwp%2Fv2%2Fcomments&post=309"}],"version-history":[{"count":7,"href":"https:\/\/www.kuvaussaarenpaa.fi\/index.php?rest_route=\/wp\/v2\/pages\/309\/revisions"}],"predecessor-version":[{"id":444,"href":"https:\/\/www.kuvaussaarenpaa.fi\/index.php?rest_route=\/wp\/v2\/pages\/309\/revisions\/444"}],"wp:featuredmedia":[{"embeddable":true,"href":"https:\/\/www.kuvaussaarenpaa.fi\/index.php?rest_route=\/wp\/v2\/media\/312"}],"wp:attachment":[{"href":"https:\/\/www.kuvaussaarenpaa.fi\/index.php?rest_route=%2Fwp%2Fv2%2Fmedia&parent=309"}],"curies":[{"name":"wp","href":"https:\/\/api.w.org\/{rel}","templated":true}]}}