{"id":38,"date":"2021-03-31T18:26:39","date_gmt":"2021-03-31T18:26:39","guid":{"rendered":"https:\/\/kuvaussaarenpaa.wordpress.com\/?page_id=38"},"modified":"2025-01-06T16:36:36","modified_gmt":"2025-01-06T16:36:36","slug":"esittely","status":"publish","type":"page","link":"https:\/\/www.kuvaussaarenpaa.fi\/","title":{"rendered":"Esittely"},"content":{"rendered":"\n<h3 class=\"wp-block-heading\" id=\"lampimasti-tervetuloa\"><strong><strong>L\u00e4mpim\u00e4sti tervetuloa<\/strong><\/strong><\/h3>\n\n\n\n<p style=\"font-size:17px\">Kuvaus Saarenp\u00e4\u00e4 on yritys, joka tarjoaa monenlaisia kuvauspalveluita yrityksille ja yksityisille. Yritys ilmakuvaa laadukkaat still-kuvat ja huipputarkat videot DJI Phantom 4 PRO V2.0 -nelikopterilla. Videot editoin Adobe Premiere Pro ohjelmalla. Teen my\u00f6s &#8221;perinteisi\u00e4&#8221; kuvauksia Canonin j\u00e4rjestelm\u00e4kameralla. Valmiita kuvia on myynniss\u00e4 Galleria-sivulla. Tarkempaa tietoa ilmakuvauksesta l\u00f6ytyy Ilmakuvaus-sivulta.<\/p>\n\n\n\n<p style=\"font-size:17px\">Yritystoiminta sijoittuu arki-iltoihin ja viikonloppuihin sek\u00e4 lomien aikoihin, koska yritys toimii sivutoimisesti.<\/p>\n\n\n\n<p style=\"font-size:17px\"><strong>Palveluihimme kuuluu:<\/strong> <br>&#8211; ilmakuvaus dronella <br>&#8211; editointi <br>&#8211; kuvien k\u00e4sittely<br>&#8211; Gallerian kuvien myynti<br>&#8211; kuvaus j\u00e4rjestelm\u00e4kameralla<br>&#8211; tilaa kauttamme vaikka alla n\u00e4kyv\u00e4 tyylik\u00e4s olkalaukku valitsemallasi ilmakuvalla Galleriasta tai voimme ilmakuvata haluamasi maiseman. Personoitu tuote sopii hyvin lahjaksi tai ihan omaan k\u00e4ytt\u00f6\u00f6n. Muita tuotteita joihin voi painattaa kuvan, ovat mm.  tyynyliina, rantakassi, palapeli, meikkilaukku, termospullo, pyyheliina ja tarjotin. <strong>Kysy lis\u00e4\u00e4: kuvaussaarenpaa@gmail.com<\/strong><\/p>\n\n\n\n<figure class=\"wp-block-image size-large is-resized\"><img loading=\"lazy\" decoding=\"async\" width=\"1024\" height=\"682\" src=\"https:\/\/www.kuvaussaarenpaa.fi\/wp-content\/uploads\/2021\/04\/IMG_1021edit-1024x682.jpg\" alt=\"\" class=\"wp-image-350\" style=\"width:393px;height:261px\" srcset=\"https:\/\/www.kuvaussaarenpaa.fi\/wp-content\/uploads\/2021\/04\/IMG_1021edit-1024x682.jpg 1024w, https:\/\/www.kuvaussaarenpaa.fi\/wp-content\/uploads\/2021\/04\/IMG_1021edit-300x200.jpg 300w, https:\/\/www.kuvaussaarenpaa.fi\/wp-content\/uploads\/2021\/04\/IMG_1021edit-768x512.jpg 768w, https:\/\/www.kuvaussaarenpaa.fi\/wp-content\/uploads\/2021\/04\/IMG_1021edit-1536x1024.jpg 1536w, https:\/\/www.kuvaussaarenpaa.fi\/wp-content\/uploads\/2021\/04\/IMG_1021edit.jpg 2000w\" sizes=\"auto, (max-width: 706px) 89vw, (max-width: 767px) 82vw, 740px\" \/><\/figure>\n\n\n\n<p><strong>Mies yrityksen takana<\/strong><br>Etunimeni on Jani ja olen syntynyt 1978 Tampereella. <br>Nyky\u00e4\u00e4n kotini l\u00f6ytyy H\u00e4meenkyr\u00f6st\u00e4.<br>Ensimm\u00e4isen Hubsan merkkisen dronen hankin 2017. <br>Aika nopeasti sen j\u00e4lkeen oli kuitenkin hankittava huomattavasti laadukkaampi drone, jolla oli paljon vakaampi lent\u00e4\u00e4 ja kuvanlaatu oli aivan eri luokkaa. Sielt\u00e4 asti olen ilmakuvannut aktiivisesti eri puolilla Pirkanmaata.<\/p>\n\n\n\n<figure class=\"wp-block-image size-large is-resized\"><img loading=\"lazy\" decoding=\"async\" width=\"725\" height=\"1024\" src=\"https:\/\/www.kuvaussaarenpaa.fi\/wp-content\/uploads\/2023\/01\/jani-kopio2-kopio-725x1024.jpg\" alt=\"\" class=\"wp-image-416\" style=\"width:257px;height:364px\" srcset=\"https:\/\/www.kuvaussaarenpaa.fi\/wp-content\/uploads\/2023\/01\/jani-kopio2-kopio-725x1024.jpg 725w, https:\/\/www.kuvaussaarenpaa.fi\/wp-content\/uploads\/2023\/01\/jani-kopio2-kopio-212x300.jpg 212w, https:\/\/www.kuvaussaarenpaa.fi\/wp-content\/uploads\/2023\/01\/jani-kopio2-kopio-768x1084.jpg 768w, https:\/\/www.kuvaussaarenpaa.fi\/wp-content\/uploads\/2023\/01\/jani-kopio2-kopio-1088x1536.jpg 1088w, https:\/\/www.kuvaussaarenpaa.fi\/wp-content\/uploads\/2023\/01\/jani-kopio2-kopio.jpg 1427w\" sizes=\"auto, (max-width: 725px) 100vw, 725px\" \/><\/figure>\n","protected":false},"excerpt":{"rendered":"<p>L\u00e4mpim\u00e4sti tervetuloa Kuvaus Saarenp\u00e4\u00e4 on yritys, joka tarjoaa monenlaisia kuvauspalveluita yrityksille ja yksityisille. Yritys ilmakuvaa laadukkaat still-kuvat ja huipputarkat videot DJI Phantom 4 PRO V2.0 -nelikopterilla. Videot editoin Adobe Premiere Pro ohjelmalla. Teen my\u00f6s &#8221;perinteisi\u00e4&#8221; kuvauksia Canonin j\u00e4rjestelm\u00e4kameralla. Valmiita kuvia on myynniss\u00e4 Galleria-sivulla. Tarkempaa tietoa ilmakuvauksesta l\u00f6ytyy Ilmakuvaus-sivulta. Yritystoiminta sijoittuu arki-iltoihin ja viikonloppuihin sek\u00e4 lomien &hellip; <\/p>\n<p class=\"link-more\"><a href=\"https:\/\/www.kuvaussaarenpaa.fi\/\" class=\"more-link\">Jatka lukemista<span class=\"screen-reader-text\"> &#8221;Esittely&#8221;<\/span><\/a><\/p>\n","protected":false},"author":1,"featured_media":184,"parent":0,"menu_order":0,"comment_status":"closed","ping_status":"closed","template":"","meta":{"footnotes":""},"class_list":["post-38","page","type-page","status-publish","has-post-thumbnail","hentry"],"_links":{"self":[{"href":"https:\/\/www.kuvaussaarenpaa.fi\/index.php?rest_route=\/wp\/v2\/pages\/38","targetHints":{"allow":["GET"]}}],"collection":[{"href":"https:\/\/www.kuvaussaarenpaa.fi\/index.php?rest_route=\/wp\/v2\/pages"}],"about":[{"href":"https:\/\/www.kuvaussaarenpaa.fi\/index.php?rest_route=\/wp\/v2\/types\/page"}],"author":[{"embeddable":true,"href":"https:\/\/www.kuvaussaarenpaa.fi\/index.php?rest_route=\/wp\/v2\/users\/1"}],"replies":[{"embeddable":true,"href":"https:\/\/www.kuvaussaarenpaa.fi\/index.php?rest_route=%2Fwp%2Fv2%2Fcomments&post=38"}],"version-history":[{"count":18,"href":"https:\/\/www.kuvaussaarenpaa.fi\/index.php?rest_route=\/wp\/v2\/pages\/38\/revisions"}],"predecessor-version":[{"id":446,"href":"https:\/\/www.kuvaussaarenpaa.fi\/index.php?rest_route=\/wp\/v2\/pages\/38\/revisions\/446"}],"wp:featuredmedia":[{"embeddable":true,"href":"https:\/\/www.kuvaussaarenpaa.fi\/index.php?rest_route=\/wp\/v2\/media\/184"}],"wp:attachment":[{"href":"https:\/\/www.kuvaussaarenpaa.fi\/index.php?rest_route=%2Fwp%2Fv2%2Fmedia&parent=38"}],"curies":[{"name":"wp","href":"https:\/\/api.w.org\/{rel}","templated":true}]}}